{"id":8,"date":"2026-02-01T03:29:05","date_gmt":"2026-02-01T03:29:05","guid":{"rendered":"https:\/\/zeozstudios.com\/linkinpark\/?page_id=8"},"modified":"2026-02-05T23:23:51","modified_gmt":"2026-02-05T23:23:51","slug":"linkin-park","status":"publish","type":"page","link":"https:\/\/zeozstudios.com\/linkinpark\/linkin-park\/","title":{"rendered":"Linkin Park"},"content":{"rendered":"\t\t<div data-elementor-type=\"wp-page\" data-elementor-id=\"8\" class=\"elementor elementor-8\" data-elementor-post-type=\"page\">\n\t\t\t\t<div class=\"elementor-element elementor-element-c9c3919 e-flex e-con-boxed e-con e-parent\" data-id=\"c9c3919\" data-element_type=\"container\" data-settings=\"{&quot;background_background&quot;:&quot;classic&quot;}\">\n\t\t\t\t\t<div class=\"e-con-inner\">\n\t\t\t\t<div class=\"elementor-element elementor-element-e6a34e8 e-transform elementor-invisible elementor-widget elementor-widget-image\" data-id=\"e6a34e8\" data-element_type=\"widget\" data-settings=\"{&quot;_animation&quot;:&quot;fadeIn&quot;,&quot;_transform_scale_effect_mobile&quot;:{&quot;unit&quot;:&quot;px&quot;,&quot;size&quot;:1.3000000000000000444089209850062616169452667236328125,&quot;sizes&quot;:[]},&quot;_transform_scale_effect&quot;:{&quot;unit&quot;:&quot;px&quot;,&quot;size&quot;:&quot;&quot;,&quot;sizes&quot;:[]},&quot;_transform_scale_effect_tablet&quot;:{&quot;unit&quot;:&quot;px&quot;,&quot;size&quot;:&quot;&quot;,&quot;sizes&quot;:[]}}\" data-widget_type=\"image.default\">\n\t\t\t\t\t\t\t\t\t\t\t\t\t\t\t<img fetchpriority=\"high\" decoding=\"async\" width=\"1024\" height=\"576\" src=\"https:\/\/zeozstudios.com\/linkinpark\/wp-content\/uploads\/2026\/02\/logo-01-1024x576.png\" class=\"attachment-large size-large wp-image-59\" alt=\"\" srcset=\"https:\/\/zeozstudios.com\/linkinpark\/wp-content\/uploads\/2026\/02\/logo-01-1024x576.png 1024w, https:\/\/zeozstudios.com\/linkinpark\/wp-content\/uploads\/2026\/02\/logo-01-300x169.png 300w, https:\/\/zeozstudios.com\/linkinpark\/wp-content\/uploads\/2026\/02\/logo-01-768x432.png 768w, https:\/\/zeozstudios.com\/linkinpark\/wp-content\/uploads\/2026\/02\/logo-01-1536x864.png 1536w, https:\/\/zeozstudios.com\/linkinpark\/wp-content\/uploads\/2026\/02\/logo-01.png 1920w\" sizes=\"(max-width: 1024px) 100vw, 1024px\" \/>\t\t\t\t\t\t\t\t\t\t\t\t\t\t\t<\/div>\n\t\t\t\t<div class=\"elementor-element elementor-element-be40cda elementor-invisible elementor-widget elementor-widget-heading\" data-id=\"be40cda\" data-element_type=\"widget\" data-settings=\"{&quot;motion_fx_motion_fx_scrolling&quot;:&quot;yes&quot;,&quot;motion_fx_translateY_effect&quot;:&quot;yes&quot;,&quot;motion_fx_translateY_speed&quot;:{&quot;unit&quot;:&quot;px&quot;,&quot;size&quot;:1.8000000000000000444089209850062616169452667236328125,&quot;sizes&quot;:[]},&quot;_animation&quot;:&quot;fadeIn&quot;,&quot;motion_fx_translateY_affectedRange&quot;:{&quot;unit&quot;:&quot;%&quot;,&quot;size&quot;:&quot;&quot;,&quot;sizes&quot;:{&quot;start&quot;:0,&quot;end&quot;:100}},&quot;motion_fx_devices&quot;:[&quot;desktop&quot;,&quot;tablet&quot;,&quot;mobile&quot;]}\" data-widget_type=\"heading.default\">\n\t\t\t\t\t<h2 class=\"elementor-heading-title elementor-size-default\">The best of the band Linkin Park.<\/h2>\t\t\t\t<\/div>\n\t\t<div class=\"elementor-element elementor-element-cdae793 e-con-full e-flex e-con e-child\" data-id=\"cdae793\" data-element_type=\"container\">\n\t\t\t\t<div class=\"elementor-element elementor-element-764cee4 elementor-align-center elementor-invisible elementor-widget elementor-widget-button\" data-id=\"764cee4\" data-element_type=\"widget\" data-settings=\"{&quot;motion_fx_motion_fx_scrolling&quot;:&quot;yes&quot;,&quot;motion_fx_translateY_effect&quot;:&quot;yes&quot;,&quot;motion_fx_translateY_speed&quot;:{&quot;unit&quot;:&quot;px&quot;,&quot;size&quot;:1.100000000000000088817841970012523233890533447265625,&quot;sizes&quot;:[]},&quot;_animation&quot;:&quot;fadeIn&quot;,&quot;motion_fx_translateY_affectedRange&quot;:{&quot;unit&quot;:&quot;%&quot;,&quot;size&quot;:&quot;&quot;,&quot;sizes&quot;:{&quot;start&quot;:0,&quot;end&quot;:100}},&quot;motion_fx_devices&quot;:[&quot;desktop&quot;,&quot;tablet&quot;,&quot;mobile&quot;]}\" data-widget_type=\"button.default\">\n\t\t\t\t\t\t\t\t\t\t<a class=\"elementor-button elementor-button-link elementor-size-sm\" href=\"#\">\n\t\t\t\t\t\t<span class=\"elementor-button-content-wrapper\">\n\t\t\t\t\t\t\t\t\t<span class=\"elementor-button-text\">MERCH<\/span>\n\t\t\t\t\t<\/span>\n\t\t\t\t\t<\/a>\n\t\t\t\t\t\t\t\t<\/div>\n\t\t\t\t<\/div>\n\t\t\t\t<div class=\"elementor-element elementor-element-caf9f56 elementor-invisible elementor-widget elementor-widget-heading\" data-id=\"caf9f56\" data-element_type=\"widget\" data-settings=\"{&quot;motion_fx_motion_fx_scrolling&quot;:&quot;yes&quot;,&quot;motion_fx_translateY_effect&quot;:&quot;yes&quot;,&quot;motion_fx_translateY_speed&quot;:{&quot;unit&quot;:&quot;px&quot;,&quot;size&quot;:2,&quot;sizes&quot;:[]},&quot;_animation&quot;:&quot;fadeIn&quot;,&quot;motion_fx_translateY_affectedRange&quot;:{&quot;unit&quot;:&quot;%&quot;,&quot;size&quot;:&quot;&quot;,&quot;sizes&quot;:{&quot;start&quot;:0,&quot;end&quot;:100}},&quot;motion_fx_devices&quot;:[&quot;desktop&quot;,&quot;tablet&quot;,&quot;mobile&quot;]}\" data-widget_type=\"heading.default\">\n\t\t\t\t\t<h2 class=\"elementor-heading-title elementor-size-default\">SCROLL FOR \"MORE\"<\/h2>\t\t\t\t<\/div>\n\t\t<div class=\"elementor-element elementor-element-afa45a2 e-con-full e-flex e-con e-child\" data-id=\"afa45a2\" data-element_type=\"container\">\n\t\t\t\t<div class=\"elementor-element elementor-element-0a26d87 elementor-view-default elementor-widget elementor-widget-icon\" data-id=\"0a26d87\" data-element_type=\"widget\" data-settings=\"{&quot;motion_fx_motion_fx_scrolling&quot;:&quot;yes&quot;,&quot;motion_fx_translateY_effect&quot;:&quot;yes&quot;,&quot;motion_fx_translateY_speed&quot;:{&quot;unit&quot;:&quot;px&quot;,&quot;size&quot;:1.3000000000000000444089209850062616169452667236328125,&quot;sizes&quot;:[]},&quot;motion_fx_translateY_affectedRange&quot;:{&quot;unit&quot;:&quot;%&quot;,&quot;size&quot;:&quot;&quot;,&quot;sizes&quot;:{&quot;start&quot;:0,&quot;end&quot;:100}},&quot;motion_fx_devices&quot;:[&quot;desktop&quot;,&quot;tablet&quot;,&quot;mobile&quot;]}\" data-widget_type=\"icon.default\">\n\t\t\t\t\t\t\t<div class=\"elementor-icon-wrapper\">\n\t\t\t<div class=\"elementor-icon\">\n\t\t\t<svg xmlns=\"http:\/\/www.w3.org\/2000\/svg\" xmlns:xlink=\"http:\/\/www.w3.org\/1999\/xlink\" id=\"Capa_1\" x=\"0px\" y=\"0px\" viewBox=\"0 0 24.1 37.1\" style=\"enable-background:new 0 0 24.1 37.1;\" xml:space=\"preserve\"><style type=\"text\/css\">\t.st0{fill:#F6F6F6;}<\/style><g>\t<path class=\"st0\" d=\"M5.1,15.3L12,28.5l7-13.2H5.1z M7.5,16.8h9.2L12,25.5L7.5,16.8z\"><\/path>\t<polygon class=\"st0\" points=\"5.1,23.7 7.8,23.7 12,31.5 16.3,23.7 19,23.7 12,36.1  \"><\/polygon>\t<path class=\"st0\" d=\"M13.1,1l-2.2,0c-0.7,0-1.2,0.5-1.2,1.2V14h4.6V2.2C14.3,1.5,13.8,1,13.1,1z\"><\/path><\/g><\/svg>\t\t\t<\/div>\n\t\t<\/div>\n\t\t\t\t\t\t<\/div>\n\t\t\t\t<\/div>\n\t\t\t\t\t<\/div>\n\t\t\t\t<\/div>\n\t\t<div class=\"elementor-element elementor-element-16859cd e-flex e-con-boxed e-con e-parent\" data-id=\"16859cd\" data-element_type=\"container\" data-settings=\"{&quot;background_background&quot;:&quot;classic&quot;,&quot;background_motion_fx_motion_fx_scrolling&quot;:&quot;yes&quot;,&quot;background_motion_fx_translateY_effect&quot;:&quot;yes&quot;,&quot;background_motion_fx_translateY_speed&quot;:{&quot;unit&quot;:&quot;px&quot;,&quot;size&quot;:4,&quot;sizes&quot;:[]},&quot;background_motion_fx_translateY_affectedRange&quot;:{&quot;unit&quot;:&quot;%&quot;,&quot;size&quot;:&quot;&quot;,&quot;sizes&quot;:{&quot;start&quot;:0,&quot;end&quot;:100}},&quot;background_motion_fx_devices&quot;:[&quot;desktop&quot;,&quot;tablet&quot;,&quot;mobile&quot;]}\">\n\t\t\t\t\t<div class=\"e-con-inner\">\n\t\t\t\t<div class=\"elementor-element elementor-element-b67ae94 elementor-widget elementor-widget-heading\" data-id=\"b67ae94\" data-element_type=\"widget\" data-settings=\"{&quot;motion_fx_motion_fx_scrolling&quot;:&quot;yes&quot;,&quot;motion_fx_translateY_effect&quot;:&quot;yes&quot;,&quot;motion_fx_translateY_speed&quot;:{&quot;unit&quot;:&quot;px&quot;,&quot;size&quot;:1.399999999999999911182158029987476766109466552734375,&quot;sizes&quot;:[]},&quot;motion_fx_motion_fx_mouse&quot;:&quot;yes&quot;,&quot;motion_fx_mouseTrack_effect&quot;:&quot;yes&quot;,&quot;motion_fx_mouseTrack_speed&quot;:{&quot;unit&quot;:&quot;px&quot;,&quot;size&quot;:0.5,&quot;sizes&quot;:[]},&quot;motion_fx_translateY_affectedRange&quot;:{&quot;unit&quot;:&quot;%&quot;,&quot;size&quot;:&quot;&quot;,&quot;sizes&quot;:{&quot;start&quot;:0,&quot;end&quot;:100}},&quot;motion_fx_devices&quot;:[&quot;desktop&quot;,&quot;tablet&quot;,&quot;mobile&quot;]}\" data-widget_type=\"heading.default\">\n\t\t\t\t\t<h2 class=\"elementor-heading-title elementor-size-default\">[ LINKIN PARK ]<\/h2>\t\t\t\t<\/div>\n\t\t\t\t\t<\/div>\n\t\t\t\t<\/div>\n\t\t<div class=\"elementor-element elementor-element-477df87 e-flex e-con-boxed e-con e-parent\" data-id=\"477df87\" data-element_type=\"container\" data-settings=\"{&quot;background_background&quot;:&quot;classic&quot;}\">\n\t\t\t\t\t<div class=\"e-con-inner\">\n\t\t<div class=\"elementor-element elementor-element-cb4a442 e-con-full e-flex e-con e-child\" data-id=\"cb4a442\" data-element_type=\"container\">\n\t\t\t\t<div class=\"elementor-element elementor-element-c431593 elementor-widget elementor-widget-image\" data-id=\"c431593\" data-element_type=\"widget\" data-settings=\"{&quot;motion_fx_motion_fx_scrolling&quot;:&quot;yes&quot;,&quot;motion_fx_translateY_effect&quot;:&quot;yes&quot;,&quot;motion_fx_translateY_speed&quot;:{&quot;unit&quot;:&quot;px&quot;,&quot;size&quot;:1.6999999999999999555910790149937383830547332763671875,&quot;sizes&quot;:[]},&quot;motion_fx_translateY_affectedRange&quot;:{&quot;unit&quot;:&quot;%&quot;,&quot;size&quot;:&quot;&quot;,&quot;sizes&quot;:{&quot;start&quot;:0,&quot;end&quot;:88}},&quot;motion_fx_devices&quot;:[&quot;desktop&quot;,&quot;tablet&quot;,&quot;mobile&quot;]}\" data-widget_type=\"image.default\">\n\t\t\t\t\t\t\t\t\t\t\t\t\t\t\t<img decoding=\"async\" width=\"1024\" height=\"576\" src=\"https:\/\/zeozstudios.com\/linkinpark\/wp-content\/uploads\/2026\/02\/linkinpark-logo-04-1024x576.png\" class=\"attachment-large size-large wp-image-92\" alt=\"\" srcset=\"https:\/\/zeozstudios.com\/linkinpark\/wp-content\/uploads\/2026\/02\/linkinpark-logo-04-1024x576.png 1024w, https:\/\/zeozstudios.com\/linkinpark\/wp-content\/uploads\/2026\/02\/linkinpark-logo-04-300x169.png 300w, https:\/\/zeozstudios.com\/linkinpark\/wp-content\/uploads\/2026\/02\/linkinpark-logo-04-768x432.png 768w, https:\/\/zeozstudios.com\/linkinpark\/wp-content\/uploads\/2026\/02\/linkinpark-logo-04-1536x864.png 1536w, https:\/\/zeozstudios.com\/linkinpark\/wp-content\/uploads\/2026\/02\/linkinpark-logo-04-2048x1152.png 2048w\" sizes=\"(max-width: 1024px) 100vw, 1024px\" \/>\t\t\t\t\t\t\t\t\t\t\t\t\t\t\t<\/div>\n\t\t\t\t<\/div>\n\t\t<div class=\"elementor-element elementor-element-48330b8 e-con-full e-flex e-con e-child\" data-id=\"48330b8\" data-element_type=\"container\">\n\t\t<div class=\"elementor-element elementor-element-95279bb e-con-full e-flex e-con e-child\" data-id=\"95279bb\" data-element_type=\"container\">\n\t\t\t\t<div class=\"elementor-element elementor-element-0dc41ec elementor-widget elementor-widget-text-editor\" data-id=\"0dc41ec\" data-element_type=\"widget\" data-widget_type=\"text-editor.default\">\n\t\t\t\t\t\t\t\t\t<p>Linkin Park es m\u00e1s que una banda de rock: es una comunidad emocional y cultural. Formada a finales de los a\u00f1os 90 como Xero y luego Hybrid Theory, el grupo alcanz\u00f3 fama mundial con su \u00e1lbum debut <em data-start=\"250\" data-end=\"265\">Hybrid Theory<\/em> (2000), uno de los discos m\u00e1s vendidos del siglo XXI. Integrada por Mike Shinoda, Chester Bennington y otros miembros clave, la banda desarroll\u00f3 un sonido innovador, lanz\u00f3 siete \u00e1lbumes m\u00e1s, gan\u00f3 m\u00faltiples premios Grammy\u00ae, vendi\u00f3 m\u00e1s de 100 millones de discos y logr\u00f3 cinco debuts n\u00famero uno en el Billboard 200.<\/p>\t\t\t\t\t\t\t\t<\/div>\n\t\t\t\t<\/div>\n\t\t<div class=\"elementor-element elementor-element-57929b9 e-con-full e-flex e-con e-child\" data-id=\"57929b9\" data-element_type=\"container\">\n\t\t\t\t<div class=\"elementor-element elementor-element-ed9b3ea elementor-widget elementor-widget-text-editor\" data-id=\"ed9b3ea\" data-element_type=\"widget\" data-widget_type=\"text-editor.default\">\n\t\t\t\t\t\t\t\t\t<p>La muerte de Chester Bennington en 2017 signific\u00f3 una pausa decisiva para Linkin Park. A\u00f1os despu\u00e9s, el lazo entre sus integrantes impuls\u00f3 un nuevo inicio junto a Emily Armstrong y Colin Brittain, dando origen al proyecto <em data-start=\"248\" data-end=\"259\">FROM ZERO<\/em>. El 5 de septiembre de 2024, la banda regres\u00f3 a los escenarios tras siete a\u00f1os de silencio, marcando una nueva etapa en su historia.<\/p>\t\t\t\t\t\t\t\t<\/div>\n\t\t\t\t<\/div>\n\t\t\t\t<\/div>\n\t\t\t\t\t<\/div>\n\t\t\t\t<\/div>\n\t\t<div class=\"elementor-element elementor-element-9cd6a17 e-flex e-con-boxed e-con e-parent\" data-id=\"9cd6a17\" data-element_type=\"container\" data-settings=\"{&quot;background_background&quot;:&quot;classic&quot;}\">\n\t\t\t\t\t<div class=\"e-con-inner\">\n\t\t<div class=\"elementor-element elementor-element-27ebed8 e-con-full e-flex e-con e-child\" data-id=\"27ebed8\" data-element_type=\"container\" data-settings=\"{&quot;background_background&quot;:&quot;classic&quot;}\">\n\t\t\t\t<div class=\"elementor-element elementor-element-522e0b6 elementor-widget elementor-widget-image\" data-id=\"522e0b6\" data-element_type=\"widget\" data-widget_type=\"image.default\">\n\t\t\t\t\t\t\t\t\t\t\t\t\t\t\t<img decoding=\"async\" width=\"316\" height=\"315\" src=\"https:\/\/zeozstudios.com\/linkinpark\/wp-content\/uploads\/2026\/02\/LinkinParkIntheEnd.jpg\" class=\"attachment-large size-large wp-image-116\" alt=\"\" srcset=\"https:\/\/zeozstudios.com\/linkinpark\/wp-content\/uploads\/2026\/02\/LinkinParkIntheEnd.jpg 316w, https:\/\/zeozstudios.com\/linkinpark\/wp-content\/uploads\/2026\/02\/LinkinParkIntheEnd-300x300.jpg 300w, https:\/\/zeozstudios.com\/linkinpark\/wp-content\/uploads\/2026\/02\/LinkinParkIntheEnd-150x150.jpg 150w\" sizes=\"(max-width: 316px) 100vw, 316px\" \/>\t\t\t\t\t\t\t\t\t\t\t\t\t\t\t<\/div>\n\t\t\t\t<\/div>\n\t\t<div class=\"elementor-element elementor-element-e279eea e-con-full e-flex e-con e-child\" data-id=\"e279eea\" data-element_type=\"container\">\n\t\t\t\t<div class=\"elementor-element elementor-element-53868d6 elementor-widget elementor-widget-heading\" data-id=\"53868d6\" data-element_type=\"widget\" data-widget_type=\"heading.default\">\n\t\t\t\t\t<h2 class=\"elementor-heading-title elementor-size-default\">La n\u00famero 1: \nIn the End, \nel eco emocional \nde Linkin Park<\/h2>\t\t\t\t<\/div>\n\t\t\t\t<div class=\"elementor-element elementor-element-1d2decc elementor-widget elementor-widget-text-editor\" data-id=\"1d2decc\" data-element_type=\"widget\" data-widget_type=\"text-editor.default\">\n\t\t\t\t\t\t\t\t\t<p>&#8220;In the End&#8221; de Linkin Park es considerada la n\u00famero 1\u00a0debido a su mezcla \u00fanica de rap y metal, la ic\u00f3nica combinaci\u00f3n de voces de Chester Bennington y Mike Shinoda, y su inmensa popularidad transgeneracional que la convirti\u00f3 en el himno definitivo de la banda. Adem\u00e1s, su alta rotaci\u00f3n en radios pop de los 2000, su viralidad en la cultura AMV y su dominio continuo en las listas de streaming (19 semanas en el N.\u00ba 1 de Hard Rock Streaming Songs en 2025) han consolidado su estatus atemporal.\u00a0<\/p>\t\t\t\t\t\t\t\t<\/div>\n\t\t\t\t<\/div>\n\t\t\t\t\t<\/div>\n\t\t\t\t<\/div>\n\t\t<div class=\"elementor-element elementor-element-891ec17 e-con-full e-flex e-con e-parent\" data-id=\"891ec17\" data-element_type=\"container\">\n\t\t\t\t<div class=\"elementor-element elementor-element-87bae33 elementor-widget elementor-widget-video\" data-id=\"87bae33\" data-element_type=\"widget\" data-settings=\"{&quot;youtube_url&quot;:&quot;https:\\\/\\\/youtu.be\\\/eVTXPUF4Oz4?si=0u0MBLj1KAVdIH_a&quot;,&quot;video_type&quot;:&quot;youtube&quot;,&quot;controls&quot;:&quot;yes&quot;}\" data-widget_type=\"video.default\">\n\t\t\t\t\t\t\t<div class=\"elementor-wrapper elementor-open-inline\">\n\t\t\t<div class=\"elementor-video\"><\/div>\t\t<\/div>\n\t\t\t\t\t\t<\/div>\n\t\t\t\t<\/div>\n\t\t<div class=\"elementor-element elementor-element-d84196b e-con-full e-flex e-con e-parent\" data-id=\"d84196b\" data-element_type=\"container\">\n\t\t\t\t<div class=\"elementor-element elementor-element-9c30d6e elementor-widget elementor-widget-html\" data-id=\"9c30d6e\" data-element_type=\"widget\" data-widget_type=\"html.default\">\n\t\t\t\t\t<iframe data-testid=\"embed-iframe\" style=\"border-radius:12px\" src=\"https:\/\/open.spotify.com\/embed\/artist\/6XyY86QOPPrYVGvF9ch6wz?utm_source=generator\" width=\"100%\" height=\"352\" frameBorder=\"0\" allowfullscreen=\"\" allow=\"autoplay; clipboard-write; encrypted-media; fullscreen; picture-in-picture\" loading=\"lazy\"><\/iframe>\t\t\t\t<\/div>\n\t\t\t\t<\/div>\n\t\t\t\t<\/div>\n\t\t","protected":false},"excerpt":{"rendered":"<p>The best of the band Linkin Park. MERCH SCROLL FOR &#8220;MORE&#8221; [ LINKIN PARK ] Linkin Park es m\u00e1s que una banda de rock: es una comunidad emocional y cultural. Formada a finales de los a\u00f1os 90 como Xero y luego Hybrid Theory, el grupo alcanz\u00f3 fama mundial con su \u00e1lbum debut Hybrid Theory (2000), [&hellip;]<\/p>\n","protected":false},"author":1,"featured_media":0,"parent":0,"menu_order":0,"comment_status":"closed","ping_status":"closed","template":"elementor_canvas","meta":{"footnotes":""},"class_list":["post-8","page","type-page","status-publish","hentry"],"_links":{"self":[{"href":"https:\/\/zeozstudios.com\/linkinpark\/wp-json\/wp\/v2\/pages\/8","targetHints":{"allow":["GET"]}}],"collection":[{"href":"https:\/\/zeozstudios.com\/linkinpark\/wp-json\/wp\/v2\/pages"}],"about":[{"href":"https:\/\/zeozstudios.com\/linkinpark\/wp-json\/wp\/v2\/types\/page"}],"author":[{"embeddable":true,"href":"https:\/\/zeozstudios.com\/linkinpark\/wp-json\/wp\/v2\/users\/1"}],"replies":[{"embeddable":true,"href":"https:\/\/zeozstudios.com\/linkinpark\/wp-json\/wp\/v2\/comments?post=8"}],"version-history":[{"count":76,"href":"https:\/\/zeozstudios.com\/linkinpark\/wp-json\/wp\/v2\/pages\/8\/revisions"}],"predecessor-version":[{"id":157,"href":"https:\/\/zeozstudios.com\/linkinpark\/wp-json\/wp\/v2\/pages\/8\/revisions\/157"}],"wp:attachment":[{"href":"https:\/\/zeozstudios.com\/linkinpark\/wp-json\/wp\/v2\/media?parent=8"}],"curies":[{"name":"wp","href":"https:\/\/api.w.org\/{rel}","templated":true}]}}