{"id":7,"date":"2026-04-23T03:55:08","date_gmt":"2026-04-23T03:55:08","guid":{"rendered":"https:\/\/zeozstudios.com\/labasimed\/?page_id=7"},"modified":"2026-04-23T13:57:05","modified_gmt":"2026-04-23T13:57:05","slug":"asimedpage","status":"publish","type":"page","link":"https:\/\/zeozstudios.com\/labasimed\/asimedpage\/","title":{"rendered":"asimedpage"},"content":{"rendered":"\t\t<div data-elementor-type=\"wp-page\" data-elementor-id=\"7\" class=\"elementor elementor-7\">\n\t\t\t\t<div class=\"elementor-element elementor-element-adca941 e-con-full e-flex e-con e-parent\" data-id=\"adca941\" data-element_type=\"container\" data-e-type=\"container\" data-settings=\"{&quot;background_background&quot;:&quot;classic&quot;}\">\n\t\t\t\t<div class=\"elementor-element elementor-element-436fd4d elementor-widget elementor-widget-heading\" data-id=\"436fd4d\" data-element_type=\"widget\" data-e-type=\"widget\" data-widget_type=\"heading.default\">\n\t\t\t\t\t<h2 class=\"elementor-heading-title elementor-size-default\"><a href=\"#Servicios\">servicios<\/a><\/h2>\t\t\t\t<\/div>\n\t\t\t\t<div class=\"elementor-element elementor-element-5c4b4c3 elementor-widget elementor-widget-heading\" data-id=\"5c4b4c3\" data-element_type=\"widget\" data-e-type=\"widget\" data-widget_type=\"heading.default\">\n\t\t\t\t\t<h2 class=\"elementor-heading-title elementor-size-default\"><a href=\"#Contacto\">contacto<\/a><\/h2>\t\t\t\t<\/div>\n\t\t\t\t<\/div>\n\t\t<div class=\"elementor-element elementor-element-9dd2da2 e-flex e-con-boxed e-con e-parent\" data-id=\"9dd2da2\" data-element_type=\"container\" data-e-type=\"container\" data-settings=\"{&quot;background_background&quot;:&quot;classic&quot;}\">\n\t\t\t\t\t<div class=\"e-con-inner\">\n\t\t\t\t<div class=\"elementor-element elementor-element-1e0c33c elementor-widget elementor-widget-image\" data-id=\"1e0c33c\" data-element_type=\"widget\" data-e-type=\"widget\" data-widget_type=\"image.default\">\n\t\t\t\t\t\t\t\t\t\t\t\t\t\t\t<img fetchpriority=\"high\" decoding=\"async\" width=\"800\" height=\"600\" src=\"https:\/\/zeozstudios.com\/labasimed\/wp-content\/uploads\/2026\/04\/LGO.jpg\" class=\"attachment-large size-large wp-image-31\" alt=\"\" srcset=\"https:\/\/zeozstudios.com\/labasimed\/wp-content\/uploads\/2026\/04\/LGO.jpg 800w, https:\/\/zeozstudios.com\/labasimed\/wp-content\/uploads\/2026\/04\/LGO-300x225.jpg 300w, https:\/\/zeozstudios.com\/labasimed\/wp-content\/uploads\/2026\/04\/LGO-768x576.jpg 768w\" sizes=\"(max-width: 800px) 100vw, 800px\" \/>\t\t\t\t\t\t\t\t\t\t\t\t\t\t\t<\/div>\n\t\t\t\t\t<\/div>\n\t\t\t\t<\/div>\n\t\t<div class=\"elementor-element elementor-element-14caa6c e-flex e-con-boxed e-con e-parent\" data-id=\"14caa6c\" data-element_type=\"container\" data-e-type=\"container\" data-settings=\"{&quot;background_background&quot;:&quot;classic&quot;}\">\n\t\t\t\t\t<div class=\"e-con-inner\">\n\t\t\t\t<div class=\"elementor-element elementor-element-9143a67 elementor-widget elementor-widget-heading\" data-id=\"9143a67\" data-element_type=\"widget\" data-e-type=\"widget\" data-widget_type=\"heading.default\">\n\t\t\t\t\t<h2 class=\"elementor-heading-title elementor-size-default\">comprometidos con tu salud<\/h2>\t\t\t\t<\/div>\n\t\t\t\t\t<\/div>\n\t\t\t\t<\/div>\n\t\t<div class=\"elementor-element elementor-element-892d84f e-flex e-con-boxed e-con e-parent\" data-id=\"892d84f\" data-element_type=\"container\" data-e-type=\"container\" data-settings=\"{&quot;background_background&quot;:&quot;classic&quot;}\">\n\t\t\t\t\t<div class=\"e-con-inner\">\n\t\t\t\t<div class=\"elementor-element elementor-element-366d8ee elementor-widget elementor-widget-text-editor\" data-id=\"366d8ee\" data-element_type=\"widget\" data-e-type=\"widget\" data-widget_type=\"text-editor.default\">\n\t\t\t\t\t\t\t\t\t<p>En Asistencia M\u00e9dico Industrial estamoscomprometidos a resolver los problemas desalud dentro del \u00e1rea laboral, facilitando las herramientas diagn\u00f3sticas para el personalocupacionalmente expuesto, guiando el manejode los mismos, con la intensi\u00f3n de aumentar laproductividad y la calidad de vida de lostrabajadores.<\/p>\t\t\t\t\t\t\t\t<\/div>\n\t\t\t\t<div class=\"elementor-element elementor-element-eac1329 elementor-widget elementor-widget-heading\" data-id=\"eac1329\" data-element_type=\"widget\" data-e-type=\"widget\" id=\"Servicios\" data-widget_type=\"heading.default\">\n\t\t\t\t\t<h2 class=\"elementor-heading-title elementor-size-default\">Servicios<\/h2>\t\t\t\t<\/div>\n\t\t\t\t\t<\/div>\n\t\t\t\t<\/div>\n\t\t<div class=\"elementor-element elementor-element-d60b35c e-flex e-con-boxed e-con e-parent\" data-id=\"d60b35c\" data-element_type=\"container\" data-e-type=\"container\" data-settings=\"{&quot;background_background&quot;:&quot;classic&quot;}\">\n\t\t\t\t\t<div class=\"e-con-inner\">\n\t\t\t\t<div class=\"elementor-element elementor-element-33c6a64 elementor-widget elementor-widget-heading\" data-id=\"33c6a64\" data-element_type=\"widget\" data-e-type=\"widget\" data-widget_type=\"heading.default\">\n\t\t\t\t\t<h2 class=\"elementor-heading-title elementor-size-default\">Capacitaci\u00f3n<\/h2>\t\t\t\t<\/div>\n\t\t\t\t<div class=\"elementor-element elementor-element-1c9bd73 elementor-widget elementor-widget-image\" data-id=\"1c9bd73\" data-element_type=\"widget\" data-e-type=\"widget\" data-widget_type=\"image.default\">\n\t\t\t\t\t\t\t\t\t\t\t\t\t\t\t<img decoding=\"async\" width=\"1024\" height=\"1024\" src=\"https:\/\/zeozstudios.com\/labasimed\/wp-content\/uploads\/2026\/04\/WhatsApp-Image-2026-04-23-at-6.27.36-AM-1-1024x1024.jpeg\" class=\"attachment-large size-large wp-image-85\" alt=\"\" srcset=\"https:\/\/zeozstudios.com\/labasimed\/wp-content\/uploads\/2026\/04\/WhatsApp-Image-2026-04-23-at-6.27.36-AM-1-1024x1024.jpeg 1024w, https:\/\/zeozstudios.com\/labasimed\/wp-content\/uploads\/2026\/04\/WhatsApp-Image-2026-04-23-at-6.27.36-AM-1-300x300.jpeg 300w, https:\/\/zeozstudios.com\/labasimed\/wp-content\/uploads\/2026\/04\/WhatsApp-Image-2026-04-23-at-6.27.36-AM-1-150x150.jpeg 150w, https:\/\/zeozstudios.com\/labasimed\/wp-content\/uploads\/2026\/04\/WhatsApp-Image-2026-04-23-at-6.27.36-AM-1-768x768.jpeg 768w, https:\/\/zeozstudios.com\/labasimed\/wp-content\/uploads\/2026\/04\/WhatsApp-Image-2026-04-23-at-6.27.36-AM-1-1536x1536.jpeg 1536w, https:\/\/zeozstudios.com\/labasimed\/wp-content\/uploads\/2026\/04\/WhatsApp-Image-2026-04-23-at-6.27.36-AM-1.jpeg 1600w\" sizes=\"(max-width: 1024px) 100vw, 1024px\" \/>\t\t\t\t\t\t\t\t\t\t\t\t\t\t\t<\/div>\n\t\t\t\t<div class=\"elementor-element elementor-element-6d3202b elementor-widget elementor-widget-heading\" data-id=\"6d3202b\" data-element_type=\"widget\" data-e-type=\"widget\" data-widget_type=\"heading.default\">\n\t\t\t\t\t<h2 class=\"elementor-heading-title elementor-size-default\">Medicamentos<\/h2>\t\t\t\t<\/div>\n\t\t\t\t<div class=\"elementor-element elementor-element-63fa2df elementor-widget elementor-widget-image\" data-id=\"63fa2df\" data-element_type=\"widget\" data-e-type=\"widget\" data-widget_type=\"image.default\">\n\t\t\t\t\t\t\t\t\t\t\t\t\t\t\t<img decoding=\"async\" width=\"1024\" height=\"1024\" src=\"https:\/\/zeozstudios.com\/labasimed\/wp-content\/uploads\/2026\/04\/WhatsApp-Image-2026-04-23-at-6.27.37-AM-2-1024x1024.jpeg\" class=\"attachment-large size-large wp-image-86\" alt=\"\" srcset=\"https:\/\/zeozstudios.com\/labasimed\/wp-content\/uploads\/2026\/04\/WhatsApp-Image-2026-04-23-at-6.27.37-AM-2-1024x1024.jpeg 1024w, https:\/\/zeozstudios.com\/labasimed\/wp-content\/uploads\/2026\/04\/WhatsApp-Image-2026-04-23-at-6.27.37-AM-2-300x300.jpeg 300w, https:\/\/zeozstudios.com\/labasimed\/wp-content\/uploads\/2026\/04\/WhatsApp-Image-2026-04-23-at-6.27.37-AM-2-150x150.jpeg 150w, https:\/\/zeozstudios.com\/labasimed\/wp-content\/uploads\/2026\/04\/WhatsApp-Image-2026-04-23-at-6.27.37-AM-2-768x768.jpeg 768w, https:\/\/zeozstudios.com\/labasimed\/wp-content\/uploads\/2026\/04\/WhatsApp-Image-2026-04-23-at-6.27.37-AM-2-1536x1536.jpeg 1536w, https:\/\/zeozstudios.com\/labasimed\/wp-content\/uploads\/2026\/04\/WhatsApp-Image-2026-04-23-at-6.27.37-AM-2.jpeg 1600w\" sizes=\"(max-width: 1024px) 100vw, 1024px\" \/>\t\t\t\t\t\t\t\t\t\t\t\t\t\t\t<\/div>\n\t\t\t\t<div class=\"elementor-element elementor-element-2c28c6d elementor-widget elementor-widget-heading\" data-id=\"2c28c6d\" data-element_type=\"widget\" data-e-type=\"widget\" data-widget_type=\"heading.default\">\n\t\t\t\t\t<h2 class=\"elementor-heading-title elementor-size-default\">Curaciones<\/h2>\t\t\t\t<\/div>\n\t\t\t\t<div class=\"elementor-element elementor-element-a0ae9cf elementor-widget elementor-widget-image\" data-id=\"a0ae9cf\" data-element_type=\"widget\" data-e-type=\"widget\" data-widget_type=\"image.default\">\n\t\t\t\t\t\t\t\t\t\t\t\t\t\t\t<img loading=\"lazy\" decoding=\"async\" width=\"1024\" height=\"1024\" src=\"https:\/\/zeozstudios.com\/labasimed\/wp-content\/uploads\/2026\/04\/WhatsApp-Image-2026-04-23-at-6.27.37-AM-1-1024x1024.jpeg\" class=\"attachment-large size-large wp-image-87\" alt=\"\" srcset=\"https:\/\/zeozstudios.com\/labasimed\/wp-content\/uploads\/2026\/04\/WhatsApp-Image-2026-04-23-at-6.27.37-AM-1-1024x1024.jpeg 1024w, https:\/\/zeozstudios.com\/labasimed\/wp-content\/uploads\/2026\/04\/WhatsApp-Image-2026-04-23-at-6.27.37-AM-1-300x300.jpeg 300w, https:\/\/zeozstudios.com\/labasimed\/wp-content\/uploads\/2026\/04\/WhatsApp-Image-2026-04-23-at-6.27.37-AM-1-150x150.jpeg 150w, https:\/\/zeozstudios.com\/labasimed\/wp-content\/uploads\/2026\/04\/WhatsApp-Image-2026-04-23-at-6.27.37-AM-1-768x768.jpeg 768w, https:\/\/zeozstudios.com\/labasimed\/wp-content\/uploads\/2026\/04\/WhatsApp-Image-2026-04-23-at-6.27.37-AM-1-1536x1536.jpeg 1536w, https:\/\/zeozstudios.com\/labasimed\/wp-content\/uploads\/2026\/04\/WhatsApp-Image-2026-04-23-at-6.27.37-AM-1.jpeg 1600w\" sizes=\"(max-width: 1024px) 100vw, 1024px\" \/>\t\t\t\t\t\t\t\t\t\t\t\t\t\t\t<\/div>\n\t\t\t\t\t<\/div>\n\t\t\t\t<\/div>\n\t\t<div class=\"elementor-element elementor-element-1e9afa0 e-flex e-con-boxed e-con e-parent\" data-id=\"1e9afa0\" data-element_type=\"container\" data-e-type=\"container\" data-settings=\"{&quot;background_background&quot;:&quot;classic&quot;}\">\n\t\t\t\t\t<div class=\"e-con-inner\">\n\t\t\t\t<div class=\"elementor-element elementor-element-055900a elementor-widget elementor-widget-heading\" data-id=\"055900a\" data-element_type=\"widget\" data-e-type=\"widget\" data-widget_type=\"heading.default\">\n\t\t\t\t\t<h2 class=\"elementor-heading-title elementor-size-default\">Unida m\u00f3vil<\/h2>\t\t\t\t<\/div>\n\t\t\t\t<div class=\"elementor-element elementor-element-8bffa4c elementor-widget elementor-widget-image\" data-id=\"8bffa4c\" data-element_type=\"widget\" data-e-type=\"widget\" data-widget_type=\"image.default\">\n\t\t\t\t\t\t\t\t\t\t\t\t\t\t\t<img loading=\"lazy\" decoding=\"async\" width=\"1024\" height=\"614\" src=\"https:\/\/zeozstudios.com\/labasimed\/wp-content\/uploads\/2026\/04\/WhatsApp-Image-2026-04-23-at-6.27.37-AM-1024x614.jpeg\" class=\"attachment-large size-large wp-image-106\" alt=\"\" srcset=\"https:\/\/zeozstudios.com\/labasimed\/wp-content\/uploads\/2026\/04\/WhatsApp-Image-2026-04-23-at-6.27.37-AM-1024x614.jpeg 1024w, https:\/\/zeozstudios.com\/labasimed\/wp-content\/uploads\/2026\/04\/WhatsApp-Image-2026-04-23-at-6.27.37-AM-300x180.jpeg 300w, https:\/\/zeozstudios.com\/labasimed\/wp-content\/uploads\/2026\/04\/WhatsApp-Image-2026-04-23-at-6.27.37-AM-768x461.jpeg 768w, https:\/\/zeozstudios.com\/labasimed\/wp-content\/uploads\/2026\/04\/WhatsApp-Image-2026-04-23-at-6.27.37-AM-1536x922.jpeg 1536w, https:\/\/zeozstudios.com\/labasimed\/wp-content\/uploads\/2026\/04\/WhatsApp-Image-2026-04-23-at-6.27.37-AM.jpeg 1600w\" sizes=\"(max-width: 1024px) 100vw, 1024px\" \/>\t\t\t\t\t\t\t\t\t\t\t\t\t\t\t<\/div>\n\t\t\t\t<div class=\"elementor-element elementor-element-e73c30b elementor-widget elementor-widget-heading\" data-id=\"e73c30b\" data-element_type=\"widget\" data-e-type=\"widget\" data-widget_type=\"heading.default\">\n\t\t\t\t\t<h2 class=\"elementor-heading-title elementor-size-default\">Asistencia<\/h2>\t\t\t\t<\/div>\n\t\t\t\t<div class=\"elementor-element elementor-element-a948c50 elementor-widget elementor-widget-image\" data-id=\"a948c50\" data-element_type=\"widget\" data-e-type=\"widget\" data-widget_type=\"image.default\">\n\t\t\t\t\t\t\t\t\t\t\t\t\t\t\t<img loading=\"lazy\" decoding=\"async\" width=\"1024\" height=\"1024\" src=\"https:\/\/zeozstudios.com\/labasimed\/wp-content\/uploads\/2026\/04\/WhatsApp-Image-2026-04-23-at-6.27.37-AM-3-1024x1024.jpeg\" class=\"attachment-large size-large wp-image-107\" alt=\"\" srcset=\"https:\/\/zeozstudios.com\/labasimed\/wp-content\/uploads\/2026\/04\/WhatsApp-Image-2026-04-23-at-6.27.37-AM-3-1024x1024.jpeg 1024w, https:\/\/zeozstudios.com\/labasimed\/wp-content\/uploads\/2026\/04\/WhatsApp-Image-2026-04-23-at-6.27.37-AM-3-300x300.jpeg 300w, https:\/\/zeozstudios.com\/labasimed\/wp-content\/uploads\/2026\/04\/WhatsApp-Image-2026-04-23-at-6.27.37-AM-3-150x150.jpeg 150w, https:\/\/zeozstudios.com\/labasimed\/wp-content\/uploads\/2026\/04\/WhatsApp-Image-2026-04-23-at-6.27.37-AM-3-768x768.jpeg 768w, https:\/\/zeozstudios.com\/labasimed\/wp-content\/uploads\/2026\/04\/WhatsApp-Image-2026-04-23-at-6.27.37-AM-3-1536x1536.jpeg 1536w, https:\/\/zeozstudios.com\/labasimed\/wp-content\/uploads\/2026\/04\/WhatsApp-Image-2026-04-23-at-6.27.37-AM-3.jpeg 1600w\" sizes=\"(max-width: 1024px) 100vw, 1024px\" \/>\t\t\t\t\t\t\t\t\t\t\t\t\t\t\t<\/div>\n\t\t\t\t<div class=\"elementor-element elementor-element-325ba8e elementor-widget elementor-widget-heading\" data-id=\"325ba8e\" data-element_type=\"widget\" data-e-type=\"widget\" data-widget_type=\"heading.default\">\n\t\t\t\t\t<h2 class=\"elementor-heading-title elementor-size-default\">Rayos X<\/h2>\t\t\t\t<\/div>\n\t\t\t\t<div class=\"elementor-element elementor-element-0b5db7b elementor-widget elementor-widget-image\" data-id=\"0b5db7b\" data-element_type=\"widget\" data-e-type=\"widget\" data-widget_type=\"image.default\">\n\t\t\t\t\t\t\t\t\t\t\t\t\t\t\t<img loading=\"lazy\" decoding=\"async\" width=\"1024\" height=\"1024\" src=\"https:\/\/zeozstudios.com\/labasimed\/wp-content\/uploads\/2026\/04\/WhatsApp-Image-2026-04-23-at-6.27.36-AM-4-1024x1024.jpeg\" class=\"attachment-large size-large wp-image-108\" alt=\"\" srcset=\"https:\/\/zeozstudios.com\/labasimed\/wp-content\/uploads\/2026\/04\/WhatsApp-Image-2026-04-23-at-6.27.36-AM-4-1024x1024.jpeg 1024w, https:\/\/zeozstudios.com\/labasimed\/wp-content\/uploads\/2026\/04\/WhatsApp-Image-2026-04-23-at-6.27.36-AM-4-300x300.jpeg 300w, https:\/\/zeozstudios.com\/labasimed\/wp-content\/uploads\/2026\/04\/WhatsApp-Image-2026-04-23-at-6.27.36-AM-4-150x150.jpeg 150w, https:\/\/zeozstudios.com\/labasimed\/wp-content\/uploads\/2026\/04\/WhatsApp-Image-2026-04-23-at-6.27.36-AM-4-768x768.jpeg 768w, https:\/\/zeozstudios.com\/labasimed\/wp-content\/uploads\/2026\/04\/WhatsApp-Image-2026-04-23-at-6.27.36-AM-4-1536x1536.jpeg 1536w, https:\/\/zeozstudios.com\/labasimed\/wp-content\/uploads\/2026\/04\/WhatsApp-Image-2026-04-23-at-6.27.36-AM-4.jpeg 1600w\" sizes=\"(max-width: 1024px) 100vw, 1024px\" \/>\t\t\t\t\t\t\t\t\t\t\t\t\t\t\t<\/div>\n\t\t\t\t\t<\/div>\n\t\t\t\t<\/div>\n\t\t<div class=\"elementor-element elementor-element-599f013 e-flex e-con-boxed e-con e-parent\" data-id=\"599f013\" data-element_type=\"container\" data-e-type=\"container\" data-settings=\"{&quot;background_background&quot;:&quot;classic&quot;}\">\n\t\t\t\t\t<div class=\"e-con-inner\">\n\t\t\t\t<div class=\"elementor-element elementor-element-151014d elementor-widget elementor-widget-heading\" data-id=\"151014d\" data-element_type=\"widget\" data-e-type=\"widget\" data-widget_type=\"heading.default\">\n\t\t\t\t\t<h2 class=\"elementor-heading-title elementor-size-default\">Espirometria<\/h2>\t\t\t\t<\/div>\n\t\t\t\t<div class=\"elementor-element elementor-element-29aaeb6 elementor-widget elementor-widget-image\" data-id=\"29aaeb6\" data-element_type=\"widget\" data-e-type=\"widget\" data-widget_type=\"image.default\">\n\t\t\t\t\t\t\t\t\t\t\t\t\t\t\t<img loading=\"lazy\" decoding=\"async\" width=\"1024\" height=\"1024\" src=\"https:\/\/zeozstudios.com\/labasimed\/wp-content\/uploads\/2026\/04\/WhatsApp-Image-2026-04-23-at-6.27.36-AM-3-1024x1024.jpeg\" class=\"attachment-large size-large wp-image-115\" alt=\"\" srcset=\"https:\/\/zeozstudios.com\/labasimed\/wp-content\/uploads\/2026\/04\/WhatsApp-Image-2026-04-23-at-6.27.36-AM-3-1024x1024.jpeg 1024w, https:\/\/zeozstudios.com\/labasimed\/wp-content\/uploads\/2026\/04\/WhatsApp-Image-2026-04-23-at-6.27.36-AM-3-300x300.jpeg 300w, https:\/\/zeozstudios.com\/labasimed\/wp-content\/uploads\/2026\/04\/WhatsApp-Image-2026-04-23-at-6.27.36-AM-3-150x150.jpeg 150w, https:\/\/zeozstudios.com\/labasimed\/wp-content\/uploads\/2026\/04\/WhatsApp-Image-2026-04-23-at-6.27.36-AM-3-768x768.jpeg 768w, https:\/\/zeozstudios.com\/labasimed\/wp-content\/uploads\/2026\/04\/WhatsApp-Image-2026-04-23-at-6.27.36-AM-3-1536x1536.jpeg 1536w, https:\/\/zeozstudios.com\/labasimed\/wp-content\/uploads\/2026\/04\/WhatsApp-Image-2026-04-23-at-6.27.36-AM-3.jpeg 1600w\" sizes=\"(max-width: 1024px) 100vw, 1024px\" \/>\t\t\t\t\t\t\t\t\t\t\t\t\t\t\t<\/div>\n\t\t\t\t<div class=\"elementor-element elementor-element-afa0bf3 elementor-widget elementor-widget-heading\" data-id=\"afa0bf3\" data-element_type=\"widget\" data-e-type=\"widget\" data-widget_type=\"heading.default\">\n\t\t\t\t\t<h2 class=\"elementor-heading-title elementor-size-default\">Audiometria<\/h2>\t\t\t\t<\/div>\n\t\t\t\t<div class=\"elementor-element elementor-element-95446c2 elementor-widget elementor-widget-image\" data-id=\"95446c2\" data-element_type=\"widget\" data-e-type=\"widget\" data-widget_type=\"image.default\">\n\t\t\t\t\t\t\t\t\t\t\t\t\t\t\t<img loading=\"lazy\" decoding=\"async\" width=\"1024\" height=\"1024\" src=\"https:\/\/zeozstudios.com\/labasimed\/wp-content\/uploads\/2026\/04\/WhatsApp-Image-2026-04-23-at-6.27.36-AM-2-1024x1024.jpeg\" class=\"attachment-large size-large wp-image-116\" alt=\"\" srcset=\"https:\/\/zeozstudios.com\/labasimed\/wp-content\/uploads\/2026\/04\/WhatsApp-Image-2026-04-23-at-6.27.36-AM-2-1024x1024.jpeg 1024w, https:\/\/zeozstudios.com\/labasimed\/wp-content\/uploads\/2026\/04\/WhatsApp-Image-2026-04-23-at-6.27.36-AM-2-300x300.jpeg 300w, https:\/\/zeozstudios.com\/labasimed\/wp-content\/uploads\/2026\/04\/WhatsApp-Image-2026-04-23-at-6.27.36-AM-2-150x150.jpeg 150w, https:\/\/zeozstudios.com\/labasimed\/wp-content\/uploads\/2026\/04\/WhatsApp-Image-2026-04-23-at-6.27.36-AM-2-768x768.jpeg 768w, https:\/\/zeozstudios.com\/labasimed\/wp-content\/uploads\/2026\/04\/WhatsApp-Image-2026-04-23-at-6.27.36-AM-2-1536x1536.jpeg 1536w, https:\/\/zeozstudios.com\/labasimed\/wp-content\/uploads\/2026\/04\/WhatsApp-Image-2026-04-23-at-6.27.36-AM-2.jpeg 1600w\" sizes=\"(max-width: 1024px) 100vw, 1024px\" \/>\t\t\t\t\t\t\t\t\t\t\t\t\t\t\t<\/div>\n\t\t\t\t\t<\/div>\n\t\t\t\t<\/div>\n\t\t<div class=\"elementor-element elementor-element-9761e61 e-flex e-con-boxed e-con e-parent\" data-id=\"9761e61\" data-element_type=\"container\" data-e-type=\"container\" data-settings=\"{&quot;background_background&quot;:&quot;classic&quot;}\">\n\t\t\t\t\t<div class=\"e-con-inner\">\n\t\t\t\t<div class=\"elementor-element elementor-element-fc89e0e elementor-widget elementor-widget-text-editor\" data-id=\"fc89e0e\" data-element_type=\"widget\" data-e-type=\"widget\" data-widget_type=\"text-editor.default\">\n\t\t\t\t\t\t\t\t\t<p>Atenci\u00f3n de enfermedades y lesiones ocupacionales\u00a0<\/p><p><span style=\"text-wrap-mode: initial; letter-spacing: -0.1px;\">Historias clinicas <\/span><span style=\"text-wrap-mode: initial; letter-spacing: -0.1px;\">Valoraci\u00f3n medica y ergonomica en nuevos ingresos\u00a0<\/span><\/p><p><span style=\"text-wrap-mode: initial; letter-spacing: -0.1px;\">Valoraci\u00f3n de trabajo en alturas<\/span><\/p><p>Seguimeinto de enfermedades cr\u00f3nico degenerativas y embarazos<\/p>\t\t\t\t\t\t\t\t<\/div>\n\t\t\t\t\t<\/div>\n\t\t\t\t<\/div>\n\t\t<div class=\"elementor-element elementor-element-74514a2 e-flex e-con-boxed e-con e-parent\" data-id=\"74514a2\" data-element_type=\"container\" data-e-type=\"container\" data-settings=\"{&quot;background_background&quot;:&quot;classic&quot;}\">\n\t\t\t\t\t<div class=\"e-con-inner\">\n\t\t\t\t<div class=\"elementor-element elementor-element-0af6be3 elementor-widget elementor-widget-heading\" data-id=\"0af6be3\" data-element_type=\"widget\" data-e-type=\"widget\" id=\"Contacto\" data-widget_type=\"heading.default\">\n\t\t\t\t\t<h2 class=\"elementor-heading-title elementor-size-default\">Contacto<\/h2>\t\t\t\t<\/div>\n\t\t\t\t<div class=\"elementor-element elementor-element-175f5c7 elementor-widget elementor-widget-text-editor\" data-id=\"175f5c7\" data-element_type=\"widget\" data-e-type=\"widget\" data-widget_type=\"text-editor.default\">\n\t\t\t\t\t\t\t\t\t<p>amedicoindustrial@gmail.com<br \/>477-541-44-79<br \/>477-551-59-01<br \/>472-466-24-30<br \/>@Asistencia M\u00e9dico Industrial <br \/>Calle Francisco I. Madero #23 Colonia <br \/>Centro, Silao Guanajuato. CP:36100<\/p>\t\t\t\t\t\t\t\t<\/div>\n\t\t\t\t\t<\/div>\n\t\t\t\t<\/div>\n\t\t\t\t<\/div>\n\t\t","protected":false},"excerpt":{"rendered":"<p>servicios contacto comprometidos con tu salud En Asistencia M\u00e9dico Industrial estamoscomprometidos a resolver los problemas desalud dentro del \u00e1rea laboral, facilitando las herramientas diagn\u00f3sticas para el personalocupacionalmente expuesto, guiando el manejode los mismos, con la intensi\u00f3n de aumentar laproductividad y la calidad de vida de lostrabajadores. Servicios Capacitaci\u00f3n Medicamentos Curaciones Unida m\u00f3vil Asistencia Rayos X [&hellip;]<\/p>\n","protected":false},"author":1,"featured_media":0,"parent":0,"menu_order":0,"comment_status":"closed","ping_status":"closed","template":"elementor_canvas","meta":{"pagelayer_contact_templates":[],"_pagelayer_content":"","footnotes":""},"class_list":["post-7","page","type-page","status-publish","hentry"],"_links":{"self":[{"href":"https:\/\/zeozstudios.com\/labasimed\/wp-json\/wp\/v2\/pages\/7","targetHints":{"allow":["GET"]}}],"collection":[{"href":"https:\/\/zeozstudios.com\/labasimed\/wp-json\/wp\/v2\/pages"}],"about":[{"href":"https:\/\/zeozstudios.com\/labasimed\/wp-json\/wp\/v2\/types\/page"}],"author":[{"embeddable":true,"href":"https:\/\/zeozstudios.com\/labasimed\/wp-json\/wp\/v2\/users\/1"}],"replies":[{"embeddable":true,"href":"https:\/\/zeozstudios.com\/labasimed\/wp-json\/wp\/v2\/comments?post=7"}],"version-history":[{"count":112,"href":"https:\/\/zeozstudios.com\/labasimed\/wp-json\/wp\/v2\/pages\/7\/revisions"}],"predecessor-version":[{"id":147,"href":"https:\/\/zeozstudios.com\/labasimed\/wp-json\/wp\/v2\/pages\/7\/revisions\/147"}],"wp:attachment":[{"href":"https:\/\/zeozstudios.com\/labasimed\/wp-json\/wp\/v2\/media?parent=7"}],"curies":[{"name":"wp","href":"https:\/\/api.w.org\/{rel}","templated":true}]}}